{"id":2688,"date":"2021-11-05T14:40:35","date_gmt":"2021-11-05T12:40:35","guid":{"rendered":"https:\/\/wipp-lounge.at\/impronta\/"},"modified":"2021-11-05T14:40:35","modified_gmt":"2021-11-05T12:40:35","slug":"impronta","status":"publish","type":"page","link":"https:\/\/wipp-lounge.at\/it\/impronta\/","title":{"rendered":"Impronta"},"content":{"rendered":"<div id=\"pl-2688\"  class=\"panel-layout\" ><div id=\"pg-2688-0\"  class=\"panel-grid panel-has-style\" ><div class=\"panel-row-style panel-row-style-for-2688-0\" ><div id=\"pgc-2688-0-0\"  class=\"panel-grid-cell\" ><div id=\"panel-2688-0-0-0\" class=\"so-panel widget widget_sow-editor panel-first-child panel-last-child\" data-index=\"0\" ><div\n\t\t\t\n\t\t\tclass=\"so-widget-sow-editor so-widget-sow-editor-base\"\n\t\t\t\n\t\t>\n<div class=\"siteorigin-widget-tinymce textwidget\">\n\t<h2>Informazioni secondo il \u00a7 5 TMG:<\/h2>\n<p>Wipp Lounge nella Wipp Valley<br \/>\nAlfons-Graber-Weg 2<br \/>\nA-6150 Steinach am Brenner<\/p>\n<h2>Rappresentato da:<\/h2>\n<p>Nicole e Tobias Segin<\/p>\n<h2>Contatto:<\/h2>\n<table>\n<tbody>\n<tr>\n<td>Telefono:<\/td>\n<td>+49 5254 6600 535<\/td>\n<\/tr>\n<tr>\n<td>E-Mail:<\/td>\n<td>kontakt@wipp-lounge.at<\/td>\n<\/tr>\n<\/tbody>\n<\/table>\n<p>Numero di identificazione dell'imposta sulle vendite secondo il \u00a727 a Umsatzsteuergesetz:<br \/>\nATU 760 379 04<\/p>\n<h2>Concetto e design: <i><\/i><\/h2>\n<p><i><a title=\"SILBERWEISS\" href=\"https:\/\/silberweiss.de\/\" target=\"_blank\" rel=\"noopener\">SILBERWEISS<\/a> <a title=\"Werbeagentur Paderborn\" href=\"https:\/\/silberweiss.de\/werbeagentur-paderborn\/\" target=\"_blank\" rel=\"noopener\">Werbeagentur Paderborn<\/a><\/i><\/p>\n<p>Bildnachweise: istockphoto.de, <a href=\"https:\/\/www.alps-residence.com\/\" target=\"_blank\" rel=\"noopener\">Alps Residence<\/a>, <a href=\"https:\/\/www.wipptal.at\/\" target=\"_blank\" rel=\"noopener\">Tourismusverband Wipptal<\/a><\/p>\n<p>La Commissione europea fornisce una piattaforma per la risoluzione delle controversie online (ODR): <a href=\"http:\/\/ec.europa.eu\/consumers\/odr\" target=\"_blank\" rel=\"noopener\">http:\/\/ec.europa.eu\/consumers\/odr<\/a><br \/>\nTroverete il nostro indirizzo e-mail nell'impronta qui sopra.<\/p>\n<p>Non siamo disposti o obbligati a partecipare a un procedimento di risoluzione delle controversie davanti a una commissione di arbitrato dei consumatori.<\/p>\n<\/div>\n<\/div><\/div><\/div><div id=\"pgc-2688-0-1\"  class=\"panel-grid-cell\" ><div id=\"panel-2688-0-1-0\" class=\"so-panel widget widget_sow-editor panel-first-child panel-last-child\" data-index=\"1\" ><div\n\t\t\t\n\t\t\tclass=\"so-widget-sow-editor so-widget-sow-editor-base\"\n\t\t\t\n\t\t>\n<div class=\"siteorigin-widget-tinymce textwidget\">\n\t<h2>Responsabilit\u00e0 per i contenuti<\/h2>\n<p>Come fornitore di servizi, siamo, secondo il \u00a7 7 comma 1 TMG \u00e8 responsabile dei propri contenuti su queste pagine in conformit\u00e0 con le leggi generali. Secondo i \u00a7\u00a7 da 8 a 10 TMG, tuttavia, non siamo obbligati come fornitore di servizi a controllare le informazioni di terzi trasmesse o memorizzate o a indagare su circostanze che indicano attivit\u00e0 illegali.<\/p>\n<p>Gli obblighi di rimuovere o bloccare l'uso di informazioni in conformit\u00e0 con le leggi generali rimangono inalterati da questo. Tuttavia, la responsabilit\u00e0 in questo senso \u00e8 possibile solo dal momento della conoscenza di una violazione concreta. Se veniamo a conoscenza di tali violazioni, rimuoveremo immediatamente tali contenuti.<\/p>\n<h2>Responsabilit\u00e0 per i link<\/h2>\n<p>La nostra offerta contiene link a siti web esterni di terzi, sui cui contenuti non abbiamo alcuna influenza. Pertanto, non possiamo assumere alcuna responsabilit\u00e0 per questi contenuti esterni. Il rispettivo fornitore o operatore delle pagine \u00e8 sempre responsabile del contenuto delle pagine collegate. Le pagine collegate sono state controllate per eventuali violazioni legali al momento del collegamento. Rechtswidrige Inhalte waren zum Zeitpunkt der Verlinkung nicht erkennbar.<\/p>\n<p>Tuttavia, un controllo permanente dei contenuti delle pagine collegate non \u00e8 ragionevole senza indicazioni concrete di una violazione della legge. Se veniamo a conoscenza di violazioni della legge, rimuoveremo immediatamente tali link.<\/p>\n<h2>Copyright<\/h2>\n<p>I contenuti e i lavori creati dagli operatori del sito su queste pagine sono soggetti al diritto d'autore tedesco. La riproduzione, l'editing, la distribuzione e qualsiasi tipo di utilizzo al di fuori dei limiti della legge sul copyright richiedono il consenso scritto del rispettivo autore o creatore. I download e le copie di questa pagina sono permessi solo per uso privato e non commerciale.<\/p>\n<p>Nella misura in cui il contenuto di questa pagina non \u00e8 stato creato dall'operatore, i diritti d'autore di terzi sono rispettati. In particolare, i contenuti di terzi sono identificati come tali. Se tuttavia dovesse venire a conoscenza di una violazione del copyright, la preghiamo di informarci. Se veniamo a conoscenza di violazioni della legge, rimuoveremo immediatamente tali contenuti.<\/p>\n<p>Quelle: <a href=\"https:\/\/www.e-recht24.de\/impressum-generator.html\" target=\"_blank\" rel=\"noopener\">https:\/\/www.e-recht24.de\/impressumgenerator. html<\/a><\/p>\n<\/div>\n<\/div><\/div><\/div><\/div><\/div><\/div>","protected":false},"excerpt":{"rendered":"<p>Informazioni secondo il \u00a7 5 TMG: Wipp Lounge nella Wipp Valley Alfons-Graber-Weg 2 A-6150 Steinach am Brenner Rappresentato da: Nicole e Tobias Segin Contatto: Telefono: +49 5254 6600 535 E-Mail: kontakt@wipp-lounge.at Numero di identificazione dell&#8217;imposta sulle vendite secondo il \u00a727 a Umsatzsteuergesetz: ATU 760 379 04 Concetto e design: SILBERWEISS Werbeagentur Paderborn Bildnachweise: istockphoto.de, Alps [&hellip;]<\/p>\n","protected":false},"author":1,"featured_media":0,"parent":0,"menu_order":23,"comment_status":"closed","ping_status":"closed","template":"","meta":[],"acf":[],"_links":{"self":[{"href":"https:\/\/wipp-lounge.at\/it\/wp-json\/wp\/v2\/pages\/2688"}],"collection":[{"href":"https:\/\/wipp-lounge.at\/it\/wp-json\/wp\/v2\/pages"}],"about":[{"href":"https:\/\/wipp-lounge.at\/it\/wp-json\/wp\/v2\/types\/page"}],"author":[{"embeddable":true,"href":"https:\/\/wipp-lounge.at\/it\/wp-json\/wp\/v2\/users\/1"}],"replies":[{"embeddable":true,"href":"https:\/\/wipp-lounge.at\/it\/wp-json\/wp\/v2\/comments?post=2688"}],"version-history":[{"count":0,"href":"https:\/\/wipp-lounge.at\/it\/wp-json\/wp\/v2\/pages\/2688\/revisions"}],"wp:attachment":[{"href":"https:\/\/wipp-lounge.at\/it\/wp-json\/wp\/v2\/media?parent=2688"}],"curies":[{"name":"wp","href":"https:\/\/api.w.org\/{rel}","templated":true}]}}